{"id":26,"date":"2024-09-17T16:43:14","date_gmt":"2024-09-17T16:43:14","guid":{"rendered":"https:\/\/trusting-johnson.83-171-239-208.plesk.page\/?page_id=26"},"modified":"2025-08-18T17:20:29","modified_gmt":"2025-08-18T15:20:29","slug":"law-firm","status":"publish","type":"page","link":"https:\/\/tautz-law.com\/en_us\/law-firm\/","title":{"rendered":"law firm"},"content":{"rendered":"<div data-elementor-type=\"wp-page\" data-elementor-id=\"26\" class=\"elementor elementor-26\" data-elementor-settings=\"{&quot;ha_cmc_init_switcher&quot;:&quot;no&quot;}\" data-elementor-post-type=\"page\">\n\t\t\t\t<div class=\"elementor-element elementor-element-6fb4348 e-flex e-con-boxed e-con e-child\" data-id=\"6fb4348\" data-element_type=\"container\" data-settings=\"{&quot;_ha_eqh_enable&quot;:false}\">\n\t\t\t\t\t<div class=\"e-con-inner\">\n\t\t<div class=\"elementor-element elementor-element-e13f7d8 e-con-full e-flex e-con e-child\" data-id=\"e13f7d8\" data-element_type=\"container\" data-settings=\"{&quot;background_background&quot;:&quot;classic&quot;,&quot;_ha_eqh_enable&quot;:false}\">\n\t\t\t\t<div class=\"elementor-element elementor-element-1e9ca92 elementor-widget__width-initial elementor-widget elementor-widget-heading\" data-id=\"1e9ca92\" data-element_type=\"widget\" data-widget_type=\"heading.default\">\n\t\t\t\t<div class=\"elementor-widget-container\">\n\t\t\t\t\t<h2 class=\"elementor-heading-title elementor-size-default\">100% reliable.<\/h2>\t\t\t\t<\/div>\n\t\t\t\t<\/div>\n\t\t\t\t<\/div>\n\t\t\t\t\t<\/div>\n\t\t\t\t<\/div>\n\t\t<div class=\"elementor-element elementor-element-55ad3d9 e-flex e-con-boxed e-con e-child\" data-id=\"55ad3d9\" data-element_type=\"container\" data-settings=\"{&quot;_ha_eqh_enable&quot;:false}\">\n\t\t\t\t\t<div class=\"e-con-inner\">\n\t\t<div class=\"elementor-element elementor-element-f7ce407 e-con-full e-flex e-con e-child\" data-id=\"f7ce407\" data-element_type=\"container\" data-settings=\"{&quot;_ha_eqh_enable&quot;:false}\">\n\t\t\t\t<div class=\"elementor-element elementor-element-c428cd5 elementor-align-right elementor-widget elementor-widget-lottie\" data-id=\"c428cd5\" data-element_type=\"widget\" data-settings=\"{&quot;source_json&quot;:{&quot;url&quot;:&quot;https:\\\/\\\/tautz-law.com\\\/wp-content\\\/uploads\\\/2024\\\/10\\\/Tautz-Schuhmacher-Logo-V10.json&quot;,&quot;id&quot;:1237,&quot;size&quot;:&quot;&quot;,&quot;alt&quot;:&quot;&quot;,&quot;source&quot;:&quot;library&quot;},&quot;play_speed&quot;:{&quot;unit&quot;:&quot;px&quot;,&quot;size&quot;:0.2,&quot;sizes&quot;:[]},&quot;source&quot;:&quot;media_file&quot;,&quot;caption_source&quot;:&quot;none&quot;,&quot;link_to&quot;:&quot;none&quot;,&quot;trigger&quot;:&quot;arriving_to_viewport&quot;,&quot;viewport&quot;:{&quot;unit&quot;:&quot;%&quot;,&quot;size&quot;:&quot;&quot;,&quot;sizes&quot;:{&quot;start&quot;:0,&quot;end&quot;:100}},&quot;start_point&quot;:{&quot;unit&quot;:&quot;%&quot;,&quot;size&quot;:0,&quot;sizes&quot;:[]},&quot;end_point&quot;:{&quot;unit&quot;:&quot;%&quot;,&quot;size&quot;:100,&quot;sizes&quot;:[]},&quot;renderer&quot;:&quot;svg&quot;}\" data-widget_type=\"lottie.default\">\n\t\t\t\t<div class=\"elementor-widget-container\">\n\t\t\t\t\t<div class=\"e-lottie__container\"><div class=\"e-lottie__animation\"><\/div><\/div>\t\t\t\t<\/div>\n\t\t\t\t<\/div>\n\t\t\t\t<div class=\"elementor-element elementor-element-8c7b182 elementor-widget elementor-widget-heading\" data-id=\"8c7b182\" data-element_type=\"widget\" data-widget_type=\"heading.default\">\n\t\t\t\t<div class=\"elementor-widget-container\">\n\t\t\t\t\t<h1 class=\"elementor-heading-title elementor-size-default\">The Go-To Firm <br>IP Protection in Europe<\/h1>\t\t\t\t<\/div>\n\t\t\t\t<\/div>\n\t\t\t\t<div class=\"elementor-element elementor-element-1d533ff elementor-widget elementor-widget-text-editor\" data-id=\"1d533ff\" data-element_type=\"widget\" data-widget_type=\"text-editor.default\">\n\t\t\t\t<div class=\"elementor-widget-container\">\n\t\t\t\t\t\t\t\t\t<p>We provide our clients with professional, reliable and passionate support in all matters relating to intellectual property rights in the USA. \"Customer First\" is our business philosophy. Client needs and satisfaction are our top priority. We work hard every day to align all our decisions, activities and processes to create the best possible value and benefit for our clients.<\/p>\t\t\t\t\t\t\t\t<\/div>\n\t\t\t\t<\/div>\n\t\t\t\t<\/div>\n\t\t\t\t\t<\/div>\n\t\t\t\t<\/div>\n\t\t<div class=\"elementor-element elementor-element-5905fa7 e-flex e-con-boxed e-con e-parent\" data-id=\"5905fa7\" data-element_type=\"container\" data-settings=\"{&quot;_ha_eqh_enable&quot;:false}\">\n\t\t\t\t\t<div class=\"e-con-inner\">\n\t\t<div class=\"elementor-element elementor-element-f1310a0 e-con-full e-flex e-con e-child\" data-id=\"f1310a0\" data-element_type=\"container\" data-settings=\"{&quot;_ha_eqh_enable&quot;:false}\">\n\t\t\t\t<div class=\"elementor-element elementor-element-aa04200 elementor-widget__width-initial elementor-widget elementor-widget-heading\" data-id=\"aa04200\" data-element_type=\"widget\" data-widget_type=\"heading.default\">\n\t\t\t\t<div class=\"elementor-widget-container\">\n\t\t\t\t\t<h3 class=\"elementor-heading-title elementor-size-default\">Munich &amp; Washington, DC<\/h3>\t\t\t\t<\/div>\n\t\t\t\t<\/div>\n\t\t\t\t<div class=\"elementor-element elementor-element-88cbfc8 elementor-widget elementor-widget-text-editor\" data-id=\"88cbfc8\" data-element_type=\"widget\" data-widget_type=\"text-editor.default\">\n\t\t\t\t<div class=\"elementor-widget-container\">\n\t\t\t\t\t\t\t\t\t<p>The firm\u2019s attorneys serve our clients from Washington, D.C. and Munich. Our offices in Munich and Washington, D.C., Germany, are located where it matters most: Close to European IP courts and institutions and near to American business hubs.<\/p><p>Guided by our 'Customer First' philosophy, we maintain a presence where our clients are\u2014right in the heart of the U.S. capital. This ensures we're available during your business hours and aligned with your needs.<\/p>\t\t\t\t\t\t\t\t<\/div>\n\t\t\t\t<\/div>\n\t\t\t\t<\/div>\n\t\t<div class=\"elementor-element elementor-element-8187a39 e-con-full e-flex e-con e-child\" data-id=\"8187a39\" data-element_type=\"container\" data-settings=\"{&quot;_ha_eqh_enable&quot;:false}\">\n\t\t<div class=\"elementor-element elementor-element-20db868 e-con-full e-flex e-con e-child\" data-id=\"20db868\" data-element_type=\"container\" data-settings=\"{&quot;_ha_eqh_enable&quot;:false}\">\n\t\t\t\t<div class=\"elementor-element elementor-element-ce66dad elementor-widget elementor-widget-image\" data-id=\"ce66dad\" data-element_type=\"widget\" data-widget_type=\"image.default\">\n\t\t\t\t<div class=\"elementor-widget-container\">\n\t\t\t\t\t\t\t\t\t\t\t\t\t\t\t<img alt=\"\" fetchpriority=\"high\" decoding=\"async\" width=\"800\" height=\"838\" src=\"https:\/\/tautz-law.com\/wp-content\/uploads\/2024\/10\/Tautz-Schuhmacher-Stock-56.jpg\" class=\"attachment-large size-large wp-image-817\" srcset=\"https:\/\/tautz-law.com\/wp-content\/uploads\/2024\/10\/Tautz-Schuhmacher-Stock-56.jpg 838w, https:\/\/tautz-law.com\/wp-content\/uploads\/2024\/10\/Tautz-Schuhmacher-Stock-56-286x300.jpg 286w, https:\/\/tautz-law.com\/wp-content\/uploads\/2024\/10\/Tautz-Schuhmacher-Stock-56-768x805.jpg 768w, https:\/\/tautz-law.com\/wp-content\/uploads\/2024\/10\/Tautz-Schuhmacher-Stock-56-11x12.jpg 11w\" sizes=\"(max-width: 800px) 100vw, 800px\" \/>\t\t\t\t\t\t\t\t\t\t\t\t\t\t\t<\/div>\n\t\t\t\t<\/div>\n\t\t\t\t<div class=\"elementor-element elementor-element-154ce5f elementor-widget elementor-widget-image\" data-id=\"154ce5f\" data-element_type=\"widget\" data-widget_type=\"image.default\">\n\t\t\t\t<div class=\"elementor-widget-container\">\n\t\t\t\t\t\t\t\t\t\t\t\t\t\t\t<img alt=\"\" decoding=\"async\" width=\"800\" height=\"600\" src=\"https:\/\/tautz-law.com\/wp-content\/uploads\/2024\/10\/Tautz-Schuhmacher-Stock-55.jpg\" class=\"attachment-large size-large wp-image-816\" srcset=\"https:\/\/tautz-law.com\/wp-content\/uploads\/2024\/10\/Tautz-Schuhmacher-Stock-55.jpg 838w, https:\/\/tautz-law.com\/wp-content\/uploads\/2024\/10\/Tautz-Schuhmacher-Stock-55-300x225.jpg 300w, https:\/\/tautz-law.com\/wp-content\/uploads\/2024\/10\/Tautz-Schuhmacher-Stock-55-768x576.jpg 768w, https:\/\/tautz-law.com\/wp-content\/uploads\/2024\/10\/Tautz-Schuhmacher-Stock-55-16x12.jpg 16w\" sizes=\"(max-width: 800px) 100vw, 800px\" \/>\t\t\t\t\t\t\t\t\t\t\t\t\t\t\t<\/div>\n\t\t\t\t<\/div>\n\t\t\t\t<\/div>\n\t\t\t\t<\/div>\n\t\t\t\t\t<\/div>\n\t\t\t\t<\/div>\n\t\t<div class=\"elementor-element elementor-element-55028b7 e-flex e-con-boxed e-con e-parent\" data-id=\"55028b7\" data-element_type=\"container\" data-settings=\"{&quot;_ha_eqh_enable&quot;:false}\">\n\t\t\t\t\t<div class=\"e-con-inner\">\n\t\t<div class=\"elementor-element elementor-element-df8349c e-con-full e-flex e-con e-child\" data-id=\"df8349c\" data-element_type=\"container\" data-settings=\"{&quot;_ha_eqh_enable&quot;:false}\">\n\t\t\t\t<div class=\"elementor-widget-ha-image-grid happy-addon ha-image-grid elementor-element elementor-element-4f2a062 ha-image-grid--fitRows elementor-widget elementor-widget-global elementor-global-1334 elementor-widget-ha-image-grid\" data-id=\"4f2a062\" data-element_type=\"widget\" data-settings=\"{&quot;layout&quot;:&quot;fitRows&quot;}\" data-widget_type=\"ha-image-grid.default\">\n\t\t\t\t<div class=\"elementor-widget-container\">\n\t\t\t\t\t\n\t\t<div class=\"ha-image-grid__wrap hajs-isotope\">\n\t\t\t\t\t\t\t\n\t\t\t\t<figure  class=\"ha-image-grid__item ha-js-lightbox __fltr-1\">\n\t\t\t\t\t<img decoding=\"async\" width=\"568\" height=\"852\" src=\"https:\/\/tautz-law.com\/wp-content\/uploads\/2024\/09\/RTautz.webp\" class=\"elementor-animation-\" alt=\"\" srcset=\"https:\/\/tautz-law.com\/wp-content\/uploads\/2024\/09\/RTautz.webp 568w, https:\/\/tautz-law.com\/wp-content\/uploads\/2024\/09\/RTautz-200x300.webp 200w\" sizes=\"(max-width: 568px) 100vw, 568px\" \/>\t\t\t\t<\/figure>\n\t\t\t\t\t\t\t\n\t\t\t\t<figure  class=\"ha-image-grid__item ha-js-lightbox __fltr-1\">\n\t\t\t\t\t<img loading=\"lazy\" decoding=\"async\" width=\"568\" height=\"852\" src=\"https:\/\/tautz-law.com\/wp-content\/uploads\/2024\/09\/MSchuhmacher.webp\" class=\"elementor-animation-\" alt=\"\" srcset=\"https:\/\/tautz-law.com\/wp-content\/uploads\/2024\/09\/MSchuhmacher.webp 568w, https:\/\/tautz-law.com\/wp-content\/uploads\/2024\/09\/MSchuhmacher-200x300.webp 200w\" sizes=\"(max-width: 568px) 100vw, 568px\" \/>\t\t\t\t<\/figure>\n\t\t\t\t\t\t\t\n\t\t\t\t<figure  class=\"ha-image-grid__item ha-js-lightbox __fltr-1\">\n\t\t\t\t\t<img loading=\"lazy\" decoding=\"async\" width=\"568\" height=\"852\" src=\"https:\/\/tautz-law.com\/wp-content\/uploads\/2024\/09\/0109-Stieglerfotografie.webp\" class=\"elementor-animation-\" alt=\"\" srcset=\"https:\/\/tautz-law.com\/wp-content\/uploads\/2024\/09\/0109-Stieglerfotografie.webp 568w, https:\/\/tautz-law.com\/wp-content\/uploads\/2024\/09\/0109-Stieglerfotografie-200x300.webp 200w\" sizes=\"(max-width: 568px) 100vw, 568px\" \/>\t\t\t\t<\/figure>\n\t\t\t\t\t\t\t\n\t\t\t\t<figure  class=\"ha-image-grid__item ha-js-lightbox __fltr-1\">\n\t\t\t\t\t<img loading=\"lazy\" decoding=\"async\" width=\"568\" height=\"852\" src=\"https:\/\/tautz-law.com\/wp-content\/uploads\/2024\/09\/Selma_Tabakovic.webp\" class=\"elementor-animation-\" alt=\"\" srcset=\"https:\/\/tautz-law.com\/wp-content\/uploads\/2024\/09\/Selma_Tabakovic.webp 568w, https:\/\/tautz-law.com\/wp-content\/uploads\/2024\/09\/Selma_Tabakovic-200x300.webp 200w\" sizes=\"(max-width: 568px) 100vw, 568px\" \/>\t\t\t\t<\/figure>\n\t\t\t\t\t\t\t\n\t\t\t\t<figure  class=\"ha-image-grid__item ha-js-lightbox __fltr-1\">\n\t\t\t\t\t<img loading=\"lazy\" decoding=\"async\" width=\"568\" height=\"852\" src=\"https:\/\/tautz-law.com\/wp-content\/uploads\/2024\/11\/Mike_McCandlish_wa.jpeg\" class=\"elementor-animation-\" alt=\"\" srcset=\"https:\/\/tautz-law.com\/wp-content\/uploads\/2024\/11\/Mike_McCandlish_wa.jpeg 568w, https:\/\/tautz-law.com\/wp-content\/uploads\/2024\/11\/Mike_McCandlish_wa-200x300.jpeg 200w, https:\/\/tautz-law.com\/wp-content\/uploads\/2024\/11\/Mike_McCandlish_wa-8x12.jpeg 8w\" sizes=\"(max-width: 568px) 100vw, 568px\" \/>\t\t\t\t<\/figure>\n\t\t\t\t\t\t\t\n\t\t\t\t<figure  class=\"ha-image-grid__item ha-js-lightbox __fltr-1\">\n\t\t\t\t\t<img loading=\"lazy\" decoding=\"async\" width=\"512\" height=\"768\" src=\"https:\/\/tautz-law.com\/wp-content\/uploads\/2024\/09\/Georg_Hasselmann_office.webp\" class=\"elementor-animation-\" alt=\"\" srcset=\"https:\/\/tautz-law.com\/wp-content\/uploads\/2024\/09\/Georg_Hasselmann_office.webp 512w, https:\/\/tautz-law.com\/wp-content\/uploads\/2024\/09\/Georg_Hasselmann_office-200x300.webp 200w\" sizes=\"(max-width: 512px) 100vw, 512px\" \/>\t\t\t\t<\/figure>\n\t\t\t\t\t\t\t\n\t\t\t\t<figure  class=\"ha-image-grid__item ha-js-lightbox __fltr-1\">\n\t\t\t\t\t<img loading=\"lazy\" decoding=\"async\" width=\"568\" height=\"852\" src=\"https:\/\/tautz-law.com\/wp-content\/uploads\/2024\/09\/0047-Stieglerfotografie.webp\" class=\"elementor-animation-\" alt=\"\" srcset=\"https:\/\/tautz-law.com\/wp-content\/uploads\/2024\/09\/0047-Stieglerfotografie.webp 568w, https:\/\/tautz-law.com\/wp-content\/uploads\/2024\/09\/0047-Stieglerfotografie-200x300.webp 200w\" sizes=\"(max-width: 568px) 100vw, 568px\" \/>\t\t\t\t<\/figure>\n\t\t\t\t\t\t\t\n\t\t\t\t<figure  class=\"ha-image-grid__item ha-js-lightbox __fltr-1\">\n\t\t\t\t\t<img loading=\"lazy\" decoding=\"async\" width=\"568\" height=\"852\" src=\"https:\/\/tautz-law.com\/wp-content\/uploads\/2024\/09\/Dana_Medina.webp\" class=\"elementor-animation-\" alt=\"\" srcset=\"https:\/\/tautz-law.com\/wp-content\/uploads\/2024\/09\/Dana_Medina.webp 568w, https:\/\/tautz-law.com\/wp-content\/uploads\/2024\/09\/Dana_Medina-200x300.webp 200w\" sizes=\"(max-width: 568px) 100vw, 568px\" \/>\t\t\t\t<\/figure>\n\t\t\t\t\t<\/div>\n\n\t\t\t\t\t\t<\/div>\n\t\t\t\t<\/div>\n\t\t\t\t<\/div>\n\t\t<div class=\"elementor-element elementor-element-1cf61f7 e-con-full e-flex e-con e-child\" data-id=\"1cf61f7\" data-element_type=\"container\" data-settings=\"{&quot;_ha_eqh_enable&quot;:false}\">\n\t\t\t\t<div class=\"elementor-element elementor-element-d4a4656 elementor-widget__width-initial elementor-widget elementor-widget-heading\" data-id=\"d4a4656\" data-element_type=\"widget\" data-widget_type=\"heading.default\">\n\t\t\t\t<div class=\"elementor-widget-container\">\n\t\t\t\t\t<h3 class=\"elementor-heading-title elementor-size-default\">Laser sharp focus:<br>\nUS clients in Europe<\/h3>\t\t\t\t<\/div>\n\t\t\t\t<\/div>\n\t\t\t\t<div class=\"elementor-element elementor-element-bce8d67 elementor-widget__width-initial elementor-widget elementor-widget-text-editor\" data-id=\"bce8d67\" data-element_type=\"widget\" data-widget_type=\"text-editor.default\">\n\t\t\t\t<div class=\"elementor-widget-container\">\n\t\t\t\t\t\t\t\t\t<p>We are technicians and lawyers: Our German-speaking patent attorneys and attorneys-at-law have a technical background as well as legal training.<\/p><p>We not only understand you, but also your product. This helps us not only to provide you with abstract legal information, but also to support you with real-life solutions in the USA for what really counts: Your business.<\/p>\t\t\t\t\t\t\t\t<\/div>\n\t\t\t\t<\/div>\n\t\t\t\t<div class=\"elementor-element elementor-element-fe5708f elementor-widget elementor-widget-button\" data-id=\"fe5708f\" data-element_type=\"widget\" data-widget_type=\"button.default\">\n\t\t\t\t<div class=\"elementor-widget-container\">\n\t\t\t\t\t\t\t\t\t<div class=\"elementor-button-wrapper\">\n\t\t\t\t\t<a class=\"elementor-button elementor-button-link elementor-size-sm\" href=\"https:\/\/tautz-law.com\/en_us\/team\/\">\n\t\t\t\t\t\t<span class=\"elementor-button-content-wrapper\">\n\t\t\t\t\t\t<span class=\"elementor-button-icon\">\n\t\t\t\t<svg aria-hidden=\"true\" class=\"e-font-icon-svg e-fas-chevron-right\" viewbox=\"0 0 320 512\" xmlns=\"http:\/\/www.w3.org\/2000\/svg\"><path d=\"M285.476 272.971L91.132 467.314c-9.373 9.373-24.569 9.373-33.941 0l-22.667-22.667c-9.357-9.357-9.375-24.522-.04-33.901L188.505 256 34.484 101.255c-9.335-9.379-9.317-24.544.04-33.901l22.667-22.667c9.373-9.373 24.569-9.373 33.941 0L285.475 239.03c9.373 9.372 9.373 24.568.001 33.941z\"><\/path><\/svg>\t\t\t<\/span>\n\t\t\t\t\t\t\t\t\t<span class=\"elementor-button-text\">More about the team<\/span>\n\t\t\t\t\t<\/span>\n\t\t\t\t\t<\/a>\n\t\t\t\t<\/div>\n\t\t\t\t\t\t\t\t<\/div>\n\t\t\t\t<\/div>\n\t\t\t\t<\/div>\n\t\t\t\t\t<\/div>\n\t\t\t\t<\/div>\n\t\t<div class=\"elementor-element elementor-element-6a80703 e-con-full e-flex e-con e-parent\" data-id=\"6a80703\" data-element_type=\"container\" data-settings=\"{&quot;_ha_eqh_enable&quot;:false}\">\n\t\t\t\t<div class=\"elementor-element elementor-element-71504cc elementor-widget elementor-widget-template\" data-id=\"71504cc\" data-element_type=\"widget\" data-widget_type=\"template.default\">\n\t\t\t\t<div class=\"elementor-widget-container\">\n\t\t\t\t\t\t\t<div class=\"elementor-template\">\n\t\t\t\t\t<div data-elementor-type=\"container\" data-elementor-id=\"850\" class=\"elementor elementor-850\" data-elementor-settings=\"{&quot;ha_cmc_init_switcher&quot;:&quot;no&quot;}\" data-elementor-post-type=\"elementor_library\">\n\t\t\t\t<div class=\"elementor-element elementor-element-5a58dfc2 e-flex e-con-boxed e-con e-parent\" data-id=\"5a58dfc2\" data-element_type=\"container\" data-settings=\"{&quot;_ha_eqh_enable&quot;:false}\">\n\t\t\t\t\t<div class=\"e-con-inner\">\n\t\t\t\t<div class=\"elementor-element elementor-element-10330d96 elementor-widget__width-initial elementor-widget elementor-widget-heading\" data-id=\"10330d96\" data-element_type=\"widget\" data-widget_type=\"heading.default\">\n\t\t\t\t<div class=\"elementor-widget-container\">\n\t\t\t\t\t<h2 class=\"elementor-heading-title elementor-size-default\">Technical Expertise<\/h2>\t\t\t\t<\/div>\n\t\t\t\t<\/div>\n\t\t\t\t\t<\/div>\n\t\t\t\t<\/div>\n\t\t<div class=\"elementor-element elementor-element-114ef66 e-flex e-con-boxed e-con e-parent\" data-id=\"114ef66\" data-element_type=\"container\" data-settings=\"{&quot;_ha_eqh_enable&quot;:false}\">\n\t\t\t\t\t<div class=\"e-con-inner\">\n\t\t<div class=\"elementor-element elementor-element-8b840a5 e-grid e-con-full e-con e-child\" data-id=\"8b840a5\" data-element_type=\"container\" data-settings=\"{&quot;background_background&quot;:&quot;classic&quot;,&quot;_ha_eqh_enable&quot;:false}\">\n\t\t<div class=\"elementor-element elementor-element-70ef85d e-con-full e-flex e-con e-child\" data-id=\"70ef85d\" data-element_type=\"container\" data-settings=\"{&quot;background_background&quot;:&quot;classic&quot;,&quot;_ha_eqh_enable&quot;:false}\">\n\t\t\t\t<\/div>\n\t\t<div class=\"elementor-element elementor-element-8927f3b e-con-full e-flex e-con e-child\" data-id=\"8927f3b\" data-element_type=\"container\" data-settings=\"{&quot;background_background&quot;:&quot;classic&quot;,&quot;_ha_eqh_enable&quot;:false}\">\n\t\t\t\t<div class=\"elementor-element elementor-element-9cb1ca6 elementor-widget__width-initial elementor-widget elementor-widget-heading\" data-id=\"9cb1ca6\" data-element_type=\"widget\" data-widget_type=\"heading.default\">\n\t\t\t\t<div class=\"elementor-widget-container\">\n\t\t\t\t\t<h4 class=\"elementor-heading-title elementor-size-default\">High Tech<\/h4>\t\t\t\t<\/div>\n\t\t\t\t<\/div>\n\t\t\t\t<div class=\"elementor-element elementor-element-0559b42 elementor-widget elementor-widget-text-editor\" data-id=\"0559b42\" data-element_type=\"widget\" data-widget_type=\"text-editor.default\">\n\t\t\t\t<div class=\"elementor-widget-container\">\n\t\t\t\t\t\t\t\t\tWe are one of the few law firms with technical expertise in the semiconductor sector as well as in the future technologies of biotech, quantum computing and artificial intelligence. In addition to conducting proceedings before the EPO, we have been involved in research and development in these areas and have extensive experience in IP due diligence reviews and the preparation of IP opinions.\t\t\t\t\t\t\t\t<\/div>\n\t\t\t\t<\/div>\n\t\t\t\t<\/div>\n\t\t<div class=\"elementor-element elementor-element-9ee0600 e-con-full e-flex e-con e-child\" data-id=\"9ee0600\" data-element_type=\"container\" data-settings=\"{&quot;background_background&quot;:&quot;classic&quot;,&quot;_ha_eqh_enable&quot;:false}\">\n\t\t\t\t<\/div>\n\t\t<div class=\"elementor-element elementor-element-39ae354 e-con-full e-flex e-con e-child\" data-id=\"39ae354\" data-element_type=\"container\" data-settings=\"{&quot;background_background&quot;:&quot;classic&quot;,&quot;_ha_eqh_enable&quot;:false}\">\n\t\t\t\t<div class=\"elementor-element elementor-element-fd4606b elementor-widget__width-initial elementor-widget elementor-widget-heading\" data-id=\"fd4606b\" data-element_type=\"widget\" data-widget_type=\"heading.default\">\n\t\t\t\t<div class=\"elementor-widget-container\">\n\t\t\t\t\t<h4 class=\"elementor-heading-title elementor-size-default\">mechanics and electrical engineering<\/h4>\t\t\t\t<\/div>\n\t\t\t\t<\/div>\n\t\t\t\t<div class=\"elementor-element elementor-element-7903537 elementor-widget elementor-widget-text-editor\" data-id=\"7903537\" data-element_type=\"widget\" data-widget_type=\"text-editor.default\">\n\t\t\t\t<div class=\"elementor-widget-container\">\n\t\t\t\t\t\t\t\t\tWe work for our clients in traditional mechanical and plant engineering as well as in electrical engineering and information technology. Our attorneys not only have theoretical experience, but also worked in research and development themselves before their legal training.\t\t\t\t\t\t\t\t<\/div>\n\t\t\t\t<\/div>\n\t\t\t\t<\/div>\n\t\t<div class=\"elementor-element elementor-element-603043c e-con-full e-flex e-con e-child\" data-id=\"603043c\" data-element_type=\"container\" data-settings=\"{&quot;background_background&quot;:&quot;classic&quot;,&quot;_ha_eqh_enable&quot;:false}\">\n\t\t\t\t<\/div>\n\t\t<div class=\"elementor-element elementor-element-168d8e1 e-con-full e-flex e-con e-child\" data-id=\"168d8e1\" data-element_type=\"container\" data-settings=\"{&quot;background_background&quot;:&quot;classic&quot;,&quot;_ha_eqh_enable&quot;:false}\">\n\t\t\t\t<div class=\"elementor-element elementor-element-43cae26 elementor-widget__width-initial elementor-widget elementor-widget-heading\" data-id=\"43cae26\" data-element_type=\"widget\" data-widget_type=\"heading.default\">\n\t\t\t\t<div class=\"elementor-widget-container\">\n\t\t\t\t\t<h4 class=\"elementor-heading-title elementor-size-default\">optics and medical technology<\/h4>\t\t\t\t<\/div>\n\t\t\t\t<\/div>\n\t\t\t\t<div class=\"elementor-element elementor-element-ad232df elementor-widget elementor-widget-text-editor\" data-id=\"ad232df\" data-element_type=\"widget\" data-widget_type=\"text-editor.default\">\n\t\t\t\t<div class=\"elementor-widget-container\">\n\t\t\t\t\t\t\t\t\tIn the field of optics and medical technology, we have been supporting Europe's most innovative companies and research institutions for many years, among other things in obtaining and enforcing intellectual property rights and preparing IP opinions.\t\t\t\t\t\t\t\t<\/div>\n\t\t\t\t<\/div>\n\t\t\t\t<\/div>\n\t\t\t\t<\/div>\n\t\t\t\t\t<\/div>\n\t\t\t\t<\/div>\n\t\t\t\t<\/div>\n\t\t\t\t<\/div>\n\t\t\t\t\t\t<\/div>\n\t\t\t\t<\/div>\n\t\t\t\t<\/div>\n\t\t\t\t<\/div>","protected":false},"excerpt":{"rendered":"<p>100% reliable. The Go-To Firm for European Clients. We serve our clients in all matters of intellectual property law in the USA professionally, reliably and with passion. &quot;Customer First&quot; is our business philosophy. Client needs and their satisfaction are our top priority. We work hard every day to align all our decisions, activities and processes to achieve the best possible value [...]<\/p>","protected":false},"author":1,"featured_media":0,"parent":0,"menu_order":0,"comment_status":"closed","ping_status":"closed","template":"","meta":{"_seopress_robots_primary_cat":"","_seopress_titles_title":"Zuverl\u00e4ssiger US-Rechtsschutz f\u00fcr europ\u00e4ische Firmen","_seopress_titles_desc":"Wir bieten zuverl\u00e4ssige Unterst\u00fctzung f\u00fcr europ\u00e4ische Unternehmen in den USA. Unser Expertenteam arbeitet leidenschaftlich im Sinne unserer \"Customer First\"-Philosophie.","_seopress_robots_index":"","footnotes":""},"class_list":["post-26","page","type-page","status-publish","hentry"],"_links":{"self":[{"href":"https:\/\/tautz-law.com\/en_us\/wp-json\/wp\/v2\/pages\/26","targetHints":{"allow":["GET"]}}],"collection":[{"href":"https:\/\/tautz-law.com\/en_us\/wp-json\/wp\/v2\/pages"}],"about":[{"href":"https:\/\/tautz-law.com\/en_us\/wp-json\/wp\/v2\/types\/page"}],"author":[{"embeddable":true,"href":"https:\/\/tautz-law.com\/en_us\/wp-json\/wp\/v2\/users\/1"}],"replies":[{"embeddable":true,"href":"https:\/\/tautz-law.com\/en_us\/wp-json\/wp\/v2\/comments?post=26"}],"version-history":[{"count":121,"href":"https:\/\/tautz-law.com\/en_us\/wp-json\/wp\/v2\/pages\/26\/revisions"}],"predecessor-version":[{"id":3480,"href":"https:\/\/tautz-law.com\/en_us\/wp-json\/wp\/v2\/pages\/26\/revisions\/3480"}],"wp:attachment":[{"href":"https:\/\/tautz-law.com\/en_us\/wp-json\/wp\/v2\/media?parent=26"}],"curies":[{"name":"wp","href":"https:\/\/api.w.org\/{rel}","templated":true}]}}