{"id":32,"date":"2024-09-17T16:43:50","date_gmt":"2024-09-17T16:43:50","guid":{"rendered":"https:\/\/trusting-johnson.83-171-239-208.plesk.page\/?page_id=32"},"modified":"2024-11-27T10:08:39","modified_gmt":"2024-11-27T09:08:39","slug":"contact","status":"publish","type":"page","link":"https:\/\/tautz-law.com\/en_us\/contact\/","title":{"rendered":"contact"},"content":{"rendered":"<div data-elementor-type=\"wp-page\" data-elementor-id=\"32\" class=\"elementor elementor-32\" data-elementor-settings=\"{&quot;ha_cmc_init_switcher&quot;:&quot;no&quot;}\" data-elementor-post-type=\"page\">\n\t\t\t\t<div class=\"elementor-element elementor-element-eaac957 e-flex e-con-boxed e-con e-parent\" data-id=\"eaac957\" data-element_type=\"container\" data-settings=\"{&quot;_ha_eqh_enable&quot;:false}\">\n\t\t\t\t\t<div class=\"e-con-inner\">\n\t\t\t\t<div class=\"elementor-element elementor-element-d9ab072 elementor-widget__width-initial elementor-widget elementor-widget-heading\" data-id=\"d9ab072\" data-element_type=\"widget\" data-widget_type=\"heading.default\">\n\t\t\t\t<div class=\"elementor-widget-container\">\n\t\t\t\t\t<h1 class=\"elementor-heading-title elementor-size-default\">contact<\/h1>\t\t\t\t<\/div>\n\t\t\t\t<\/div>\n\t\t\t\t<div class=\"elementor-element elementor-element-a12dbcb elementor-widget elementor-widget-text-editor\" data-id=\"a12dbcb\" data-element_type=\"widget\" data-widget_type=\"text-editor.default\">\n\t\t\t\t<div class=\"elementor-widget-container\">\n\t\t\t\t\t\t\t\t\t<p class=\"p1\"><span class=\"s1\">We are available in our DC office during your business hours. Our U.S. attorneys serve you from Washington, D.C., where we are not only geographically close to important courts and offices, but also to the center of political decision-making.<\/span><\/p>\t\t\t\t\t\t\t\t<\/div>\n\t\t\t\t<\/div>\n\t\t\t\t\t<\/div>\n\t\t\t\t<\/div>\n\t\t<div class=\"elementor-element elementor-element-11fb4b5 e-flex e-con-boxed e-con e-parent\" data-id=\"11fb4b5\" data-element_type=\"container\" data-settings=\"{&quot;_ha_eqh_enable&quot;:false}\">\n\t\t\t\t\t<div class=\"e-con-inner\">\n\t\t<div class=\"elementor-element elementor-element-8ea4384 e-con-full e-flex e-con e-child\" data-id=\"8ea4384\" data-element_type=\"container\" data-settings=\"{&quot;_ha_eqh_enable&quot;:false}\">\n\t\t\t\t<div class=\"elementor-element elementor-element-bd136b4 elementor-widget elementor-widget-google_maps\" data-id=\"bd136b4\" data-element_type=\"widget\" data-widget_type=\"google_maps.default\">\n\t\t\t\t<div class=\"elementor-widget-container\">\n\t\t\t\t\t\t\t<div class=\"elementor-custom-embed\">\n\t\t\t <div class=\"brlbs-cmpnt-container brlbs-cmpnt-content-blocker brlbs-cmpnt-with-individual-styles\" data-borlabs-cookie-content-blocker-id=\"google-maps\" data-borlabs-cookie-content=\"PGlmcmFtZSBsb2FkaW5nPSJsYXp5IgoJCQkJCXNyYz0iaHR0cHM6Ly9tYXBzLmdvb2dsZS5jb20vbWFwcz9xPU5pYmVsdW5nZW5zdHIuJTIwODQlMjA4MDYzOSUyME0lQzMlQkNuY2hlbiUyMERldXRzY2hsYW5kJUMyJUEwJiMwMzg7dD1tJiMwMzg7ej0xNCYjMDM4O291dHB1dD1lbWJlZCYjMDM4O2l3bG9jPW5lYXIiCgkJCQkJdGl0bGU9Ik5pYmVsdW5nZW5zdHIuIDg0IDgwNjM5IE3DvG5jaGVuIERldXRzY2hsYW5kwqAiCgkJCQkJYXJpYS1sYWJlbD0iTmliZWx1bmdlbnN0ci4gODQgODA2MzkgTcO8bmNoZW4gRGV1dHNjaGxhbmTCoCIKCQkJPjwvaWZyYW1lPg==\"><div class=\"brlbs-cmpnt-cb-preset-b brlbs-cmpnt-cb-google-maps\"> <div class=\"brlbs-cmpnt-cb-thumbnail\" style=\"background-image: url('https:\/\/tautz-law.com\/wp-content\/uploads\/borlabs-cookie\/1\/brlbs-cb-google-maps-main.png')\"><\/div> <div class=\"brlbs-cmpnt-cb-main\"> <div class=\"brlbs-cmpnt-cb-content\"> <p class=\"brlbs-cmpnt-cb-description\">You are currently viewing a placeholder content of <strong>Google Maps<\/strong>. To access the actual content, click on the button below. Please note that this involves sharing data with third parties.<\/p> <a class=\"brlbs-cmpnt-cb-provider-toggle\" href=\"#\" data-borlabs-cookie-show-provider-information role=\"button\">More information<\/a> <\/div> <div class=\"brlbs-cmpnt-cb-buttons\"> <a class=\"brlbs-cmpnt-cb-btn\" href=\"#\" data-borlabs-cookie-unblock role=\"button\">Unlock content<\/a> <a class=\"brlbs-cmpnt-cb-btn\" href=\"#\" data-borlabs-cookie-accept-service role=\"button\" style=\"display: inherit\">Accept required service and unlock content<\/a> <\/div> <\/div> <\/div><\/div>\n\t\t<\/div>\n\t\t\t\t\t\t<\/div>\n\t\t\t\t<\/div>\n\t\t\t\t<div class=\"elementor-element elementor-element-0bd451a elementor-widget elementor-widget-spacer\" data-id=\"0bd451a\" data-element_type=\"widget\" data-widget_type=\"spacer.default\">\n\t\t\t\t<div class=\"elementor-widget-container\">\n\t\t\t\t\t\t\t<div class=\"elementor-spacer\">\n\t\t\t<div class=\"elementor-spacer-inner\"><\/div>\n\t\t<\/div>\n\t\t\t\t\t\t<\/div>\n\t\t\t\t<\/div>\n\t\t\t\t<div class=\"elementor-element elementor-element-006b70b elementor-widget elementor-widget-heading\" data-id=\"006b70b\" data-element_type=\"widget\" data-widget_type=\"heading.default\">\n\t\t\t\t<div class=\"elementor-widget-container\">\n\t\t\t\t\t<h3 class=\"elementor-heading-title elementor-size-default\">office in Munich<\/h3>\t\t\t\t<\/div>\n\t\t\t\t<\/div>\n\t\t\t\t<div class=\"elementor-element elementor-element-cfa0d53 elementor-widget elementor-widget-heading\" data-id=\"cfa0d53\" data-element_type=\"widget\" data-widget_type=\"heading.default\">\n\t\t\t\t<div class=\"elementor-widget-container\">\n\t\t\t\t\t<h5 class=\"elementor-heading-title elementor-size-default\">postal address<\/h5>\t\t\t\t<\/div>\n\t\t\t\t<\/div>\n\t\t\t\t<div class=\"elementor-element elementor-element-e1579e7 elementor-widget elementor-widget-text-editor\" data-id=\"e1579e7\" data-element_type=\"widget\" data-widget_type=\"text-editor.default\">\n\t\t\t\t<div class=\"elementor-widget-container\">\n\t\t\t\t\t\t\t\t\t<p>Nibelungenstr. 84<br \/>80639 Munich<br \/>Germany\u00a0<\/p>\t\t\t\t\t\t\t\t<\/div>\n\t\t\t\t<\/div>\n\t\t\t\t<div class=\"elementor-element elementor-element-e356b9b elementor-widget elementor-widget-text-editor\" data-id=\"e356b9b\" data-element_type=\"widget\" data-widget_type=\"text-editor.default\">\n\t\t\t\t<div class=\"elementor-widget-container\">\n\t\t\t\t\t\t\t\t\t<p>Telephone: +49 (0)89 998 209 600<br \/>E-Mail: mail@tautz-ip.com<br \/>Fax: +49 (0)89 998 209 609<\/p>\t\t\t\t\t\t\t\t<\/div>\n\t\t\t\t<\/div>\n\t\t\t\t<\/div>\n\t\t<div class=\"elementor-element elementor-element-744de70 e-con-full e-flex e-con e-child\" data-id=\"744de70\" data-element_type=\"container\" data-settings=\"{&quot;_ha_eqh_enable&quot;:false}\">\n\t\t\t\t<div class=\"elementor-element elementor-element-6387d43 elementor-widget elementor-widget-google_maps\" data-id=\"6387d43\" data-element_type=\"widget\" data-widget_type=\"google_maps.default\">\n\t\t\t\t<div class=\"elementor-widget-container\">\n\t\t\t\t\t\t\t<div class=\"elementor-custom-embed\">\n\t\t\t <div class=\"brlbs-cmpnt-container brlbs-cmpnt-content-blocker brlbs-cmpnt-with-individual-styles\" data-borlabs-cookie-content-blocker-id=\"google-maps\" data-borlabs-cookie-content=\"PGlmcmFtZSBsb2FkaW5nPSJsYXp5IgoJCQkJCXNyYz0iaHR0cHM6Ly9tYXBzLmdvb2dsZS5jb20vbWFwcz9xPTEwNTIlMjAtJTIwMTA1NCUyMFBvdG9tYWMlMjBTdHJlZXQlMjBOVyUyMFdhc2hpbmd0b24lMkMlMjBELkMuJTIwMjAwMDclMjBVbml0ZWQlMjBTdGF0ZXMlMjBvZiUyMEFtZXJpY2EmIzAzODt0PW0mIzAzODt6PTE0JiMwMzg7b3V0cHV0PWVtYmVkJiMwMzg7aXdsb2M9bmVhciIKCQkJCQl0aXRsZT0iMTA1MiAtIDEwNTQgUG90b21hYyBTdHJlZXQgTlcgV2FzaGluZ3RvbiwgRC5DLiAyMDAwNyBVbml0ZWQgU3RhdGVzIG9mIEFtZXJpY2EiCgkJCQkJYXJpYS1sYWJlbD0iMTA1MiAtIDEwNTQgUG90b21hYyBTdHJlZXQgTlcgV2FzaGluZ3RvbiwgRC5DLiAyMDAwNyBVbml0ZWQgU3RhdGVzIG9mIEFtZXJpY2EiCgkJCT48L2lmcmFtZT4=\"><div class=\"brlbs-cmpnt-cb-preset-b brlbs-cmpnt-cb-google-maps\"> <div class=\"brlbs-cmpnt-cb-thumbnail\" style=\"background-image: url('https:\/\/tautz-law.com\/wp-content\/uploads\/borlabs-cookie\/1\/brlbs-cb-google-maps-main.png')\"><\/div> <div class=\"brlbs-cmpnt-cb-main\"> <div class=\"brlbs-cmpnt-cb-content\"> <p class=\"brlbs-cmpnt-cb-description\">You are currently viewing a placeholder content of <strong>Google Maps<\/strong>. To access the actual content, click on the button below. Please note that this involves sharing data with third parties.<\/p> <a class=\"brlbs-cmpnt-cb-provider-toggle\" href=\"#\" data-borlabs-cookie-show-provider-information role=\"button\">More information<\/a> <\/div> <div class=\"brlbs-cmpnt-cb-buttons\"> <a class=\"brlbs-cmpnt-cb-btn\" href=\"#\" data-borlabs-cookie-unblock role=\"button\">Unlock content<\/a> <a class=\"brlbs-cmpnt-cb-btn\" href=\"#\" data-borlabs-cookie-accept-service role=\"button\" style=\"display: inherit\">Accept required service and unlock content<\/a> <\/div> <\/div> <\/div><\/div>\n\t\t<\/div>\n\t\t\t\t\t\t<\/div>\n\t\t\t\t<\/div>\n\t\t\t\t<div class=\"elementor-element elementor-element-8b6253e elementor-widget elementor-widget-spacer\" data-id=\"8b6253e\" data-element_type=\"widget\" data-widget_type=\"spacer.default\">\n\t\t\t\t<div class=\"elementor-widget-container\">\n\t\t\t\t\t\t\t<div class=\"elementor-spacer\">\n\t\t\t<div class=\"elementor-spacer-inner\"><\/div>\n\t\t<\/div>\n\t\t\t\t\t\t<\/div>\n\t\t\t\t<\/div>\n\t\t\t\t<div class=\"elementor-element elementor-element-1648329 elementor-widget elementor-widget-heading\" data-id=\"1648329\" data-element_type=\"widget\" data-widget_type=\"heading.default\">\n\t\t\t\t<div class=\"elementor-widget-container\">\n\t\t\t\t\t<h3 class=\"elementor-heading-title elementor-size-default\">office in Washington, DC<\/h3>\t\t\t\t<\/div>\n\t\t\t\t<\/div>\n\t\t<div class=\"elementor-element elementor-element-d3e671d e-con-full e-flex e-con e-child\" data-id=\"d3e671d\" data-element_type=\"container\" data-settings=\"{&quot;_ha_eqh_enable&quot;:false}\">\n\t\t<div class=\"elementor-element elementor-element-78b7d0b e-con-full e-flex e-con e-child\" data-id=\"78b7d0b\" data-element_type=\"container\" data-settings=\"{&quot;_ha_eqh_enable&quot;:false}\">\n\t\t\t\t<div class=\"elementor-element elementor-element-0ca377c elementor-widget elementor-widget-heading\" data-id=\"0ca377c\" data-element_type=\"widget\" data-widget_type=\"heading.default\">\n\t\t\t\t<div class=\"elementor-widget-container\">\n\t\t\t\t\t<h5 class=\"elementor-heading-title elementor-size-default\">postal address<\/h5>\t\t\t\t<\/div>\n\t\t\t\t<\/div>\n\t\t\t\t<div class=\"elementor-element elementor-element-6757a70 elementor-widget elementor-widget-text-editor\" data-id=\"6757a70\" data-element_type=\"widget\" data-widget_type=\"text-editor.default\">\n\t\t\t\t<div class=\"elementor-widget-container\">\n\t\t\t\t\t\t\t\t\t<p>1050 30th St NW<br \/>Washington, DC 20007<br \/>United States of America<\/p>\t\t\t\t\t\t\t\t<\/div>\n\t\t\t\t<\/div>\n\t\t\t\t<\/div>\n\t\t<div class=\"elementor-element elementor-element-924b51c e-con-full e-flex e-con e-child\" data-id=\"924b51c\" data-element_type=\"container\" data-settings=\"{&quot;_ha_eqh_enable&quot;:false}\">\n\t\t\t\t<div class=\"elementor-element elementor-element-7133df8 elementor-widget elementor-widget-heading\" data-id=\"7133df8\" data-element_type=\"widget\" data-widget_type=\"heading.default\">\n\t\t\t\t<div class=\"elementor-widget-container\">\n\t\t\t\t\t<h5 class=\"elementor-heading-title elementor-size-default\">visitor address<\/h5>\t\t\t\t<\/div>\n\t\t\t\t<\/div>\n\t\t\t\t<div class=\"elementor-element elementor-element-a040365 elementor-widget elementor-widget-text-editor\" data-id=\"a040365\" data-element_type=\"widget\" data-widget_type=\"text-editor.default\">\n\t\t\t\t<div class=\"elementor-widget-container\">\n\t\t\t\t\t\t\t\t\t<p>1052 \u2013 1054 Potomac Street NW<br \/>Washington, DC 20007<br \/>United States of America<\/p>\t\t\t\t\t\t\t\t<\/div>\n\t\t\t\t<\/div>\n\t\t\t\t<\/div>\n\t\t\t\t<\/div>\n\t\t\t\t<div class=\"elementor-element elementor-element-a421c13 elementor-widget elementor-widget-text-editor\" data-id=\"a421c13\" data-element_type=\"widget\" data-widget_type=\"text-editor.default\">\n\t\t\t\t<div class=\"elementor-widget-container\">\n\t\t\t\t\t\t\t\t\t<p>Phone +1 202 618 9408<br \/>E-Mail: mail@tautz-ip.com<br \/>Fax: +1 202 618 9939<\/p>\t\t\t\t\t\t\t\t<\/div>\n\t\t\t\t<\/div>\n\t\t\t\t<\/div>\n\t\t\t\t\t<\/div>\n\t\t\t\t<\/div>\n\t\t<div class=\"elementor-element elementor-element-c7df5b4 e-flex e-con-boxed e-con e-parent\" data-id=\"c7df5b4\" data-element_type=\"container\" data-settings=\"{&quot;background_background&quot;:&quot;classic&quot;,&quot;_ha_eqh_enable&quot;:false}\">\n\t\t\t\t\t<div class=\"e-con-inner\">\n\t\t\t\t<div class=\"elementor-element elementor-element-db90cb1 elementor-widget elementor-widget-heading\" data-id=\"db90cb1\" data-element_type=\"widget\" data-widget_type=\"heading.default\">\n\t\t\t\t<div class=\"elementor-widget-container\">\n\t\t\t\t\t<h4 class=\"elementor-heading-title elementor-size-default\">Secure Communication<\/h4>\t\t\t\t<\/div>\n\t\t\t\t<\/div>\n\t\t\t\t<div class=\"elementor-element elementor-element-2ecd84f elementor-widget elementor-widget-text-editor\" data-id=\"2ecd84f\" data-element_type=\"widget\" data-widget_type=\"text-editor.default\">\n\t\t\t\t<div class=\"elementor-widget-container\">\n\t\t\t\t\t\t\t\t\t<p>We recommend using PGP or S\/MIME encrypted emails for electronic communication. Please contact us to set up encrypted communication.<\/p>\t\t\t\t\t\t\t\t<\/div>\n\t\t\t\t<\/div>\n\t\t\t\t\t<\/div>\n\t\t\t\t<\/div>\n\t\t\t\t<\/div>","protected":false},"excerpt":{"rendered":"<p>Contact We are available in our Munich office during your business hours. Our US lawyers serve you from Washington, DC, where we are not only geographically close to important courts and offices, but also at the center of political decisions. Office in Munich Postal address Nibelungenstr. 8480639 MunichGermany Telephone: +49 (0)89 998 209 600E-mail: mail@tautz-ip.comFax: +49 (0)89 998 209 [\u2026]<\/p>","protected":false},"author":1,"featured_media":0,"parent":0,"menu_order":0,"comment_status":"closed","ping_status":"closed","template":"","meta":{"_seopress_robots_primary_cat":"","_seopress_titles_title":"Effizienter Kontakt: Unsere B\u00fcros in M\u00fcnchen & DC","_seopress_titles_desc":"Erreichen Sie unsere US-Anw\u00e4lte in D.C. oder besuchen Sie uns in M\u00fcnchen. Vertrauen Sie auf sichere Kommunikation. Nehmen Sie jetzt Kontakt auf!","_seopress_robots_index":"","footnotes":""},"class_list":["post-32","page","type-page","status-publish","hentry"],"_links":{"self":[{"href":"https:\/\/tautz-law.com\/en_us\/wp-json\/wp\/v2\/pages\/32","targetHints":{"allow":["GET"]}}],"collection":[{"href":"https:\/\/tautz-law.com\/en_us\/wp-json\/wp\/v2\/pages"}],"about":[{"href":"https:\/\/tautz-law.com\/en_us\/wp-json\/wp\/v2\/types\/page"}],"author":[{"embeddable":true,"href":"https:\/\/tautz-law.com\/en_us\/wp-json\/wp\/v2\/users\/1"}],"replies":[{"embeddable":true,"href":"https:\/\/tautz-law.com\/en_us\/wp-json\/wp\/v2\/comments?post=32"}],"version-history":[{"count":67,"href":"https:\/\/tautz-law.com\/en_us\/wp-json\/wp\/v2\/pages\/32\/revisions"}],"predecessor-version":[{"id":1377,"href":"https:\/\/tautz-law.com\/en_us\/wp-json\/wp\/v2\/pages\/32\/revisions\/1377"}],"wp:attachment":[{"href":"https:\/\/tautz-law.com\/en_us\/wp-json\/wp\/v2\/media?parent=32"}],"curies":[{"name":"wp","href":"https:\/\/api.w.org\/{rel}","templated":true}]}}