{"id":579,"date":"2024-10-08T09:29:05","date_gmt":"2024-10-08T07:29:05","guid":{"rendered":"https:\/\/trusting-johnson.83-171-239-208.plesk.page\/?page_id=579"},"modified":"2024-11-26T15:08:21","modified_gmt":"2024-11-26T14:08:21","slug":"infringement-proceedings","status":"publish","type":"page","link":"https:\/\/tautz-law.com\/en_us\/services\/infringement-proceedings\/","title":{"rendered":"Infringement"},"content":{"rendered":"<div data-elementor-type=\"wp-page\" data-elementor-id=\"579\" class=\"elementor elementor-579\" data-elementor-settings=\"{&quot;ha_cmc_init_switcher&quot;:&quot;no&quot;}\" data-elementor-post-type=\"page\">\n\t\t\t\t<div class=\"elementor-element elementor-element-61cfcdf elementor-hidden-mobile e-flex e-con-boxed e-con e-child\" data-id=\"61cfcdf\" data-element_type=\"container\" data-settings=\"{&quot;background_background&quot;:&quot;classic&quot;,&quot;_ha_eqh_enable&quot;:false}\">\n\t\t\t\t\t<div class=\"e-con-inner\">\n\t\t<div class=\"elementor-element elementor-element-58d8de5 e-con-full e-flex e-con e-child\" data-id=\"58d8de5\" data-element_type=\"container\" data-settings=\"{&quot;background_background&quot;:&quot;classic&quot;,&quot;_ha_eqh_enable&quot;:false}\">\n\t\t\t\t<\/div>\n\t\t\t\t\t<\/div>\n\t\t\t\t<\/div>\n\t\t<div class=\"elementor-element elementor-element-0cd5a29 e-flex e-con-boxed e-con e-parent\" data-id=\"0cd5a29\" data-element_type=\"container\" data-settings=\"{&quot;_ha_eqh_enable&quot;:false}\">\n\t\t\t\t\t<div class=\"e-con-inner\">\n\t\t\t\t<div class=\"elementor-element elementor-element-b49bdd9 elementor-widget__width-initial elementor-widget elementor-widget-heading\" data-id=\"b49bdd9\" data-element_type=\"widget\" data-widget_type=\"heading.default\">\n\t\t\t\t<div class=\"elementor-widget-container\">\n\t\t\t\t\t<h1 class=\"elementor-heading-title elementor-size-default\">Infringement<\/h1>\t\t\t\t<\/div>\n\t\t\t\t<\/div>\n\t\t\t\t<div class=\"elementor-element elementor-element-0d7b38c elementor-widget elementor-widget-text-editor\" data-id=\"0d7b38c\" data-element_type=\"widget\" data-widget_type=\"text-editor.default\">\n\t\t\t\t<div class=\"elementor-widget-container\">\n\t\t\t\t\t\t\t\t\t<p>We represent our clients in Post Grant Proceedings, i.e. opposition, infringement and validity, before the UPC, EPO, GPTO, and German Federal Patent Court . We assist in coordinating the infringement proceedings in Europe with ongoing infringement proceedings in the United States.<\/p>\n<p>There are two different court systems for infringement cases in Europe: the Unified Patent Court (UPC) and the national civil courts. The UPC offers a framework for patent litigation at a European level. It hears both infringement and revocation\/nullity actions.\u00a0The UPC has exclusive jurisdiction in respect of European patents with unitary effect (Unitary Patents).\u00a0The exclusive jurisdiction regarding \u201cclassic\u201d European patents is subject to exceptions during a transitional period of seven years. During this period, actions concerning \u201cclassic\u201d European patents may still be brought before national courts or other competent national authorities. Furthermore, \u201cclassic\u201d European patents can be opted out entirely from the UPC\u2019s jurisdiction.\u00a0<\/p>\n<p>In Europe the validity of a patent may be challenged in different forums. During infringement proceedings before the UPC the alleged infringer may challenge the validity of the patent similar to challenging the validity of a patent during infringement proceedings at a U.S. District Courts. The UPC will then decide on both matters, i.e. the validity and if necessary the infringement of the patent. Additionally, similar to an IPR, the validity of a patent may be challenged after grant in opposition proceedings before the EPO\/GPTO. While opposition proceedings may be a cost effective way, the deadline for filing the opposition is nine month after grant. After said deadline revocation\/nullity proceedings before the UPC\/German Federal Patent Court may be conducted.\n\nWe will be happy to support you in conducting the proceedings before the UPC, EPO, GPTO, and German Federal Patent Court.<\/p>\t\t\t\t\t\t\t\t<\/div>\n\t\t\t\t<\/div>\n\t\t\t\t\t<\/div>\n\t\t\t\t<\/div>\n\t\t<div class=\"elementor-element elementor-element-f6fce66 e-flex e-con-boxed e-con e-parent\" data-id=\"f6fce66\" data-element_type=\"container\" data-settings=\"{&quot;_ha_eqh_enable&quot;:false}\">\n\t\t\t\t\t<div class=\"e-con-inner\">\n\t\t<div class=\"elementor-element elementor-element-38570f8 e-con-full e-flex e-con e-child\" data-id=\"38570f8\" data-element_type=\"container\" data-settings=\"{&quot;_ha_eqh_enable&quot;:false}\">\n\t\t\t\t<div class=\"elementor-element elementor-element-5f70955 elementor-widget__width-initial elementor-widget elementor-widget-heading\" data-id=\"5f70955\" data-element_type=\"widget\" data-widget_type=\"heading.default\">\n\t\t\t\t<div class=\"elementor-widget-container\">\n\t\t\t\t\t<h3 class=\"elementor-heading-title elementor-size-default\">Washington - Munich<\/h3>\t\t\t\t<\/div>\n\t\t\t\t<\/div>\n\t\t\t\t<div class=\"elementor-element elementor-element-0941d8b elementor-widget elementor-widget-text-editor\" data-id=\"0941d8b\" data-element_type=\"widget\" data-widget_type=\"text-editor.default\">\n\t\t\t\t<div class=\"elementor-widget-container\">\n\t\t\t\t\t\t\t\t\t<p>By combining both locations, we offer our clients efficient litigation with minimal effort.<\/p><p>For U.S. clients, infringement and nullity proceedings in Europe often add a significant workload to ongoing proceedings in the US. On the one hand, this is caused by the different procedural structures in the jurisdictions, e.g. the lack of discovery in Europe. On the other hand, this results from the different legal principles in the jurisdictions, i.e. common law in the U.S. vs. civil law in most parts of Europe.<\/p><p>Our location in D.C. enables us to be available for you on short notice and during your business hours. With our office in Munich we are also in close proximity to relevant agencies, courts and other law firms potentially involved in the proceedings.<\/p><p>Through streamlined and efficient litigation and a deep understanding of the different legal systems, we do everything we can to ensure that infringement and nullity proceedings are conducted in a result-oriented manner and with the least possible effort on your part.<\/p>\t\t\t\t\t\t\t\t<\/div>\n\t\t\t\t<\/div>\n\t\t\t\t<\/div>\n\t\t<div class=\"elementor-element elementor-element-8811006 e-con-full e-flex e-con e-child\" data-id=\"8811006\" data-element_type=\"container\" data-settings=\"{&quot;_ha_eqh_enable&quot;:false}\">\n\t\t<div class=\"elementor-element elementor-element-210645f e-con-full e-flex e-con e-child\" data-id=\"210645f\" data-element_type=\"container\" data-settings=\"{&quot;_ha_eqh_enable&quot;:false}\">\n\t\t\t\t<div class=\"elementor-element elementor-element-f3503b1 elementor-widget elementor-widget-image\" data-id=\"f3503b1\" data-element_type=\"widget\" data-widget_type=\"image.default\">\n\t\t\t\t<div class=\"elementor-widget-container\">\n\t\t\t\t\t\t\t\t\t\t\t\t\t\t\t<img alt=\"\" fetchpriority=\"high\" decoding=\"async\" width=\"800\" height=\"838\" src=\"https:\/\/tautz-law.com\/wp-content\/uploads\/2024\/10\/Tautz-Schuhmacher-Stock-56.jpg\" class=\"attachment-large size-large wp-image-817\" srcset=\"https:\/\/tautz-law.com\/wp-content\/uploads\/2024\/10\/Tautz-Schuhmacher-Stock-56.jpg 838w, https:\/\/tautz-law.com\/wp-content\/uploads\/2024\/10\/Tautz-Schuhmacher-Stock-56-286x300.jpg 286w, https:\/\/tautz-law.com\/wp-content\/uploads\/2024\/10\/Tautz-Schuhmacher-Stock-56-768x805.jpg 768w, https:\/\/tautz-law.com\/wp-content\/uploads\/2024\/10\/Tautz-Schuhmacher-Stock-56-11x12.jpg 11w\" sizes=\"(max-width: 800px) 100vw, 800px\" \/>\t\t\t\t\t\t\t\t\t\t\t\t\t\t\t<\/div>\n\t\t\t\t<\/div>\n\t\t\t\t<div class=\"elementor-element elementor-element-4c49e0a elementor-widget elementor-widget-image\" data-id=\"4c49e0a\" data-element_type=\"widget\" data-widget_type=\"image.default\">\n\t\t\t\t<div class=\"elementor-widget-container\">\n\t\t\t\t\t\t\t\t\t\t\t\t\t\t\t<img alt=\"\" decoding=\"async\" width=\"800\" height=\"600\" src=\"https:\/\/tautz-law.com\/wp-content\/uploads\/2024\/10\/Tautz-Schuhmacher-Stock-55.jpg\" class=\"attachment-large size-large wp-image-816\" srcset=\"https:\/\/tautz-law.com\/wp-content\/uploads\/2024\/10\/Tautz-Schuhmacher-Stock-55.jpg 838w, https:\/\/tautz-law.com\/wp-content\/uploads\/2024\/10\/Tautz-Schuhmacher-Stock-55-300x225.jpg 300w, https:\/\/tautz-law.com\/wp-content\/uploads\/2024\/10\/Tautz-Schuhmacher-Stock-55-768x576.jpg 768w, https:\/\/tautz-law.com\/wp-content\/uploads\/2024\/10\/Tautz-Schuhmacher-Stock-55-16x12.jpg 16w\" sizes=\"(max-width: 800px) 100vw, 800px\" \/>\t\t\t\t\t\t\t\t\t\t\t\t\t\t\t<\/div>\n\t\t\t\t<\/div>\n\t\t\t\t<\/div>\n\t\t\t\t<\/div>\n\t\t\t\t\t<\/div>\n\t\t\t\t<\/div>\n\t\t<div class=\"elementor-element elementor-element-cf429b1 e-flex e-con-boxed e-con e-parent\" data-id=\"cf429b1\" data-element_type=\"container\" data-settings=\"{&quot;_ha_eqh_enable&quot;:false}\">\n\t\t\t\t\t<div class=\"e-con-inner\">\n\t\t<div class=\"elementor-element elementor-element-01bf070 e-con-full e-flex e-con e-child\" data-id=\"01bf070\" data-element_type=\"container\" data-settings=\"{&quot;_ha_eqh_enable&quot;:false}\">\n\t\t\t\t<div class=\"elementor-widget-ha-image-grid happy-addon ha-image-grid elementor-element elementor-element-84061f3 ha-image-grid--fitRows elementor-widget elementor-widget-global elementor-global-1334 elementor-widget-ha-image-grid\" data-id=\"84061f3\" data-element_type=\"widget\" data-settings=\"{&quot;layout&quot;:&quot;fitRows&quot;}\" data-widget_type=\"ha-image-grid.default\">\n\t\t\t\t<div class=\"elementor-widget-container\">\n\t\t\t\t\t\n\t\t<div class=\"ha-image-grid__wrap hajs-isotope\">\n\t\t\t\t\t\t\t\n\t\t\t\t<figure  class=\"ha-image-grid__item ha-js-lightbox __fltr-1\">\n\t\t\t\t\t<img decoding=\"async\" width=\"568\" height=\"852\" src=\"https:\/\/tautz-law.com\/wp-content\/uploads\/2024\/09\/RTautz.webp\" class=\"elementor-animation-\" alt=\"\" srcset=\"https:\/\/tautz-law.com\/wp-content\/uploads\/2024\/09\/RTautz.webp 568w, https:\/\/tautz-law.com\/wp-content\/uploads\/2024\/09\/RTautz-200x300.webp 200w\" sizes=\"(max-width: 568px) 100vw, 568px\" \/>\t\t\t\t<\/figure>\n\t\t\t\t\t\t\t\n\t\t\t\t<figure  class=\"ha-image-grid__item ha-js-lightbox __fltr-1\">\n\t\t\t\t\t<img loading=\"lazy\" decoding=\"async\" width=\"568\" height=\"852\" src=\"https:\/\/tautz-law.com\/wp-content\/uploads\/2024\/09\/MSchuhmacher.webp\" class=\"elementor-animation-\" alt=\"\" srcset=\"https:\/\/tautz-law.com\/wp-content\/uploads\/2024\/09\/MSchuhmacher.webp 568w, https:\/\/tautz-law.com\/wp-content\/uploads\/2024\/09\/MSchuhmacher-200x300.webp 200w\" sizes=\"(max-width: 568px) 100vw, 568px\" \/>\t\t\t\t<\/figure>\n\t\t\t\t\t\t\t\n\t\t\t\t<figure  class=\"ha-image-grid__item ha-js-lightbox __fltr-1\">\n\t\t\t\t\t<img loading=\"lazy\" decoding=\"async\" width=\"568\" height=\"852\" src=\"https:\/\/tautz-law.com\/wp-content\/uploads\/2024\/09\/0109-Stieglerfotografie.webp\" class=\"elementor-animation-\" alt=\"\" srcset=\"https:\/\/tautz-law.com\/wp-content\/uploads\/2024\/09\/0109-Stieglerfotografie.webp 568w, https:\/\/tautz-law.com\/wp-content\/uploads\/2024\/09\/0109-Stieglerfotografie-200x300.webp 200w\" sizes=\"(max-width: 568px) 100vw, 568px\" \/>\t\t\t\t<\/figure>\n\t\t\t\t\t\t\t\n\t\t\t\t<figure  class=\"ha-image-grid__item ha-js-lightbox __fltr-1\">\n\t\t\t\t\t<img loading=\"lazy\" decoding=\"async\" width=\"568\" height=\"852\" src=\"https:\/\/tautz-law.com\/wp-content\/uploads\/2024\/09\/Selma_Tabakovic.webp\" class=\"elementor-animation-\" alt=\"\" srcset=\"https:\/\/tautz-law.com\/wp-content\/uploads\/2024\/09\/Selma_Tabakovic.webp 568w, https:\/\/tautz-law.com\/wp-content\/uploads\/2024\/09\/Selma_Tabakovic-200x300.webp 200w\" sizes=\"(max-width: 568px) 100vw, 568px\" \/>\t\t\t\t<\/figure>\n\t\t\t\t\t\t\t\n\t\t\t\t<figure  class=\"ha-image-grid__item ha-js-lightbox __fltr-1\">\n\t\t\t\t\t<img loading=\"lazy\" decoding=\"async\" width=\"568\" height=\"852\" src=\"https:\/\/tautz-law.com\/wp-content\/uploads\/2024\/11\/Mike_McCandlish_wa.jpeg\" class=\"elementor-animation-\" alt=\"\" srcset=\"https:\/\/tautz-law.com\/wp-content\/uploads\/2024\/11\/Mike_McCandlish_wa.jpeg 568w, https:\/\/tautz-law.com\/wp-content\/uploads\/2024\/11\/Mike_McCandlish_wa-200x300.jpeg 200w, https:\/\/tautz-law.com\/wp-content\/uploads\/2024\/11\/Mike_McCandlish_wa-8x12.jpeg 8w\" sizes=\"(max-width: 568px) 100vw, 568px\" \/>\t\t\t\t<\/figure>\n\t\t\t\t\t\t\t\n\t\t\t\t<figure  class=\"ha-image-grid__item ha-js-lightbox __fltr-1\">\n\t\t\t\t\t<img loading=\"lazy\" decoding=\"async\" width=\"512\" height=\"768\" src=\"https:\/\/tautz-law.com\/wp-content\/uploads\/2024\/09\/Georg_Hasselmann_office.webp\" class=\"elementor-animation-\" alt=\"\" srcset=\"https:\/\/tautz-law.com\/wp-content\/uploads\/2024\/09\/Georg_Hasselmann_office.webp 512w, https:\/\/tautz-law.com\/wp-content\/uploads\/2024\/09\/Georg_Hasselmann_office-200x300.webp 200w\" sizes=\"(max-width: 512px) 100vw, 512px\" \/>\t\t\t\t<\/figure>\n\t\t\t\t\t\t\t\n\t\t\t\t<figure  class=\"ha-image-grid__item ha-js-lightbox __fltr-1\">\n\t\t\t\t\t<img loading=\"lazy\" decoding=\"async\" width=\"568\" height=\"852\" src=\"https:\/\/tautz-law.com\/wp-content\/uploads\/2024\/09\/0047-Stieglerfotografie.webp\" class=\"elementor-animation-\" alt=\"\" srcset=\"https:\/\/tautz-law.com\/wp-content\/uploads\/2024\/09\/0047-Stieglerfotografie.webp 568w, https:\/\/tautz-law.com\/wp-content\/uploads\/2024\/09\/0047-Stieglerfotografie-200x300.webp 200w\" sizes=\"(max-width: 568px) 100vw, 568px\" \/>\t\t\t\t<\/figure>\n\t\t\t\t\t\t\t\n\t\t\t\t<figure  class=\"ha-image-grid__item ha-js-lightbox __fltr-1\">\n\t\t\t\t\t<img loading=\"lazy\" decoding=\"async\" width=\"568\" height=\"852\" src=\"https:\/\/tautz-law.com\/wp-content\/uploads\/2024\/09\/Dana_Medina.webp\" class=\"elementor-animation-\" alt=\"\" srcset=\"https:\/\/tautz-law.com\/wp-content\/uploads\/2024\/09\/Dana_Medina.webp 568w, https:\/\/tautz-law.com\/wp-content\/uploads\/2024\/09\/Dana_Medina-200x300.webp 200w\" sizes=\"(max-width: 568px) 100vw, 568px\" \/>\t\t\t\t<\/figure>\n\t\t\t\t\t<\/div>\n\n\t\t\t\t\t\t<\/div>\n\t\t\t\t<\/div>\n\t\t\t\t<\/div>\n\t\t<div class=\"elementor-element elementor-element-d2c993f e-con-full e-flex e-con e-child\" data-id=\"d2c993f\" data-element_type=\"container\" data-settings=\"{&quot;_ha_eqh_enable&quot;:false}\">\n\t\t\t\t<div class=\"elementor-element elementor-element-954ef4d elementor-widget__width-initial elementor-widget elementor-widget-heading\" data-id=\"954ef4d\" data-element_type=\"widget\" data-widget_type=\"heading.default\">\n\t\t\t\t<div class=\"elementor-widget-container\">\n\t\t\t\t\t<h3 class=\"elementor-heading-title elementor-size-default\">Laser sharp focus:<br>\nUS clients in Europe<\/h3>\t\t\t\t<\/div>\n\t\t\t\t<\/div>\n\t\t\t\t<div class=\"elementor-element elementor-element-a1e733c elementor-widget elementor-widget-text-editor\" data-id=\"a1e733c\" data-element_type=\"widget\" data-widget_type=\"text-editor.default\">\n\t\t\t\t<div class=\"elementor-widget-container\">\n\t\t\t\t\t\t\t\t\t<p>In addition to their legal training, our attorneys have a technical background. We understand both your language and your product. This means we can not only provide you with legal information, but also support you with practical solutions in Europe so that you can concentrate on what matters most: Your business.<\/p>\t\t\t\t\t\t\t\t<\/div>\n\t\t\t\t<\/div>\n\t\t\t\t<div class=\"elementor-element elementor-element-0f3a7a7 elementor-widget elementor-widget-button\" data-id=\"0f3a7a7\" data-element_type=\"widget\" data-widget_type=\"button.default\">\n\t\t\t\t<div class=\"elementor-widget-container\">\n\t\t\t\t\t\t\t\t\t<div class=\"elementor-button-wrapper\">\n\t\t\t\t\t<a class=\"elementor-button elementor-button-link elementor-size-sm\" href=\"https:\/\/tautz-law.com\/en_us\/kompetenzen\/patent-nachanmeldungen\/\">\n\t\t\t\t\t\t<span class=\"elementor-button-content-wrapper\">\n\t\t\t\t\t\t<span class=\"elementor-button-icon\">\n\t\t\t\t<svg aria-hidden=\"true\" class=\"e-font-icon-svg e-fas-chevron-right\" viewbox=\"0 0 320 512\" xmlns=\"http:\/\/www.w3.org\/2000\/svg\"><path d=\"M285.476 272.971L91.132 467.314c-9.373 9.373-24.569 9.373-33.941 0l-22.667-22.667c-9.357-9.357-9.375-24.522-.04-33.901L188.505 256 34.484 101.255c-9.335-9.379-9.317-24.544.04-33.901l22.667-22.667c9.373-9.373 24.569-9.373 33.941 0L285.475 239.03c9.373 9.372 9.373 24.568.001 33.941z\"><\/path><\/svg>\t\t\t<\/span>\n\t\t\t\t\t\t\t\t\t<span class=\"elementor-button-text\">More about the team<\/span>\n\t\t\t\t\t<\/span>\n\t\t\t\t\t<\/a>\n\t\t\t\t<\/div>\n\t\t\t\t\t\t\t\t<\/div>\n\t\t\t\t<\/div>\n\t\t\t\t<\/div>\n\t\t\t\t\t<\/div>\n\t\t\t\t<\/div>\n\t\t<div class=\"elementor-element elementor-element-a64a419 e-con-full e-flex e-con e-parent\" data-id=\"a64a419\" data-element_type=\"container\" data-settings=\"{&quot;_ha_eqh_enable&quot;:false}\">\n\t\t\t\t<div class=\"elementor-element elementor-element-efc13b3 elementor-widget elementor-widget-template\" data-id=\"efc13b3\" data-element_type=\"widget\" data-widget_type=\"template.default\">\n\t\t\t\t<div class=\"elementor-widget-container\">\n\t\t\t\t\t\t\t<div class=\"elementor-template\">\n\t\t\t\t\t<div data-elementor-type=\"container\" data-elementor-id=\"850\" class=\"elementor elementor-850\" data-elementor-settings=\"{&quot;ha_cmc_init_switcher&quot;:&quot;no&quot;}\" data-elementor-post-type=\"elementor_library\">\n\t\t\t\t<div class=\"elementor-element elementor-element-5a58dfc2 e-flex e-con-boxed e-con e-parent\" data-id=\"5a58dfc2\" data-element_type=\"container\" data-settings=\"{&quot;_ha_eqh_enable&quot;:false}\">\n\t\t\t\t\t<div class=\"e-con-inner\">\n\t\t\t\t<div class=\"elementor-element elementor-element-10330d96 elementor-widget__width-initial elementor-widget elementor-widget-heading\" data-id=\"10330d96\" data-element_type=\"widget\" data-widget_type=\"heading.default\">\n\t\t\t\t<div class=\"elementor-widget-container\">\n\t\t\t\t\t<h2 class=\"elementor-heading-title elementor-size-default\">Technical Expertise<\/h2>\t\t\t\t<\/div>\n\t\t\t\t<\/div>\n\t\t\t\t\t<\/div>\n\t\t\t\t<\/div>\n\t\t<div class=\"elementor-element elementor-element-114ef66 e-flex e-con-boxed e-con e-parent\" data-id=\"114ef66\" data-element_type=\"container\" data-settings=\"{&quot;_ha_eqh_enable&quot;:false}\">\n\t\t\t\t\t<div class=\"e-con-inner\">\n\t\t<div class=\"elementor-element elementor-element-8b840a5 e-grid e-con-full e-con e-child\" data-id=\"8b840a5\" data-element_type=\"container\" data-settings=\"{&quot;background_background&quot;:&quot;classic&quot;,&quot;_ha_eqh_enable&quot;:false}\">\n\t\t<div class=\"elementor-element elementor-element-70ef85d e-con-full e-flex e-con e-child\" data-id=\"70ef85d\" data-element_type=\"container\" data-settings=\"{&quot;background_background&quot;:&quot;classic&quot;,&quot;_ha_eqh_enable&quot;:false}\">\n\t\t\t\t<\/div>\n\t\t<div class=\"elementor-element elementor-element-8927f3b e-con-full e-flex e-con e-child\" data-id=\"8927f3b\" data-element_type=\"container\" data-settings=\"{&quot;background_background&quot;:&quot;classic&quot;,&quot;_ha_eqh_enable&quot;:false}\">\n\t\t\t\t<div class=\"elementor-element elementor-element-9cb1ca6 elementor-widget__width-initial elementor-widget elementor-widget-heading\" data-id=\"9cb1ca6\" data-element_type=\"widget\" data-widget_type=\"heading.default\">\n\t\t\t\t<div class=\"elementor-widget-container\">\n\t\t\t\t\t<h4 class=\"elementor-heading-title elementor-size-default\">High Tech<\/h4>\t\t\t\t<\/div>\n\t\t\t\t<\/div>\n\t\t\t\t<div class=\"elementor-element elementor-element-0559b42 elementor-widget elementor-widget-text-editor\" data-id=\"0559b42\" data-element_type=\"widget\" data-widget_type=\"text-editor.default\">\n\t\t\t\t<div class=\"elementor-widget-container\">\n\t\t\t\t\t\t\t\t\tWe are one of the few law firms with technical expertise in the semiconductor sector as well as in the future technologies of biotech, quantum computing and artificial intelligence. In addition to conducting proceedings before the EPO, we have been involved in research and development in these areas and have extensive experience in IP due diligence reviews and the preparation of IP opinions.\t\t\t\t\t\t\t\t<\/div>\n\t\t\t\t<\/div>\n\t\t\t\t<\/div>\n\t\t<div class=\"elementor-element elementor-element-9ee0600 e-con-full e-flex e-con e-child\" data-id=\"9ee0600\" data-element_type=\"container\" data-settings=\"{&quot;background_background&quot;:&quot;classic&quot;,&quot;_ha_eqh_enable&quot;:false}\">\n\t\t\t\t<\/div>\n\t\t<div class=\"elementor-element elementor-element-39ae354 e-con-full e-flex e-con e-child\" data-id=\"39ae354\" data-element_type=\"container\" data-settings=\"{&quot;background_background&quot;:&quot;classic&quot;,&quot;_ha_eqh_enable&quot;:false}\">\n\t\t\t\t<div class=\"elementor-element elementor-element-fd4606b elementor-widget__width-initial elementor-widget elementor-widget-heading\" data-id=\"fd4606b\" data-element_type=\"widget\" data-widget_type=\"heading.default\">\n\t\t\t\t<div class=\"elementor-widget-container\">\n\t\t\t\t\t<h4 class=\"elementor-heading-title elementor-size-default\">mechanics and electrical engineering<\/h4>\t\t\t\t<\/div>\n\t\t\t\t<\/div>\n\t\t\t\t<div class=\"elementor-element elementor-element-7903537 elementor-widget elementor-widget-text-editor\" data-id=\"7903537\" data-element_type=\"widget\" data-widget_type=\"text-editor.default\">\n\t\t\t\t<div class=\"elementor-widget-container\">\n\t\t\t\t\t\t\t\t\tWe work for our clients in traditional mechanical and plant engineering as well as in electrical engineering and information technology. Our attorneys not only have theoretical experience, but also worked in research and development themselves before their legal training.\t\t\t\t\t\t\t\t<\/div>\n\t\t\t\t<\/div>\n\t\t\t\t<\/div>\n\t\t<div class=\"elementor-element elementor-element-603043c e-con-full e-flex e-con e-child\" data-id=\"603043c\" data-element_type=\"container\" data-settings=\"{&quot;background_background&quot;:&quot;classic&quot;,&quot;_ha_eqh_enable&quot;:false}\">\n\t\t\t\t<\/div>\n\t\t<div class=\"elementor-element elementor-element-168d8e1 e-con-full e-flex e-con e-child\" data-id=\"168d8e1\" data-element_type=\"container\" data-settings=\"{&quot;background_background&quot;:&quot;classic&quot;,&quot;_ha_eqh_enable&quot;:false}\">\n\t\t\t\t<div class=\"elementor-element elementor-element-43cae26 elementor-widget__width-initial elementor-widget elementor-widget-heading\" data-id=\"43cae26\" data-element_type=\"widget\" data-widget_type=\"heading.default\">\n\t\t\t\t<div class=\"elementor-widget-container\">\n\t\t\t\t\t<h4 class=\"elementor-heading-title elementor-size-default\">optics and medical technology<\/h4>\t\t\t\t<\/div>\n\t\t\t\t<\/div>\n\t\t\t\t<div class=\"elementor-element elementor-element-ad232df elementor-widget elementor-widget-text-editor\" data-id=\"ad232df\" data-element_type=\"widget\" data-widget_type=\"text-editor.default\">\n\t\t\t\t<div class=\"elementor-widget-container\">\n\t\t\t\t\t\t\t\t\tIn the field of optics and medical technology, we have been supporting Europe's most innovative companies and research institutions for many years, among other things in obtaining and enforcing intellectual property rights and preparing IP opinions.\t\t\t\t\t\t\t\t<\/div>\n\t\t\t\t<\/div>\n\t\t\t\t<\/div>\n\t\t\t\t<\/div>\n\t\t\t\t\t<\/div>\n\t\t\t\t<\/div>\n\t\t\t\t<\/div>\n\t\t\t\t<\/div>\n\t\t\t\t\t\t<\/div>\n\t\t\t\t<\/div>\n\t\t\t\t<\/div>\n\t\t\t\t<\/div>","protected":false},"excerpt":{"rendered":"<p>Infringement proceedings We represent our clients in IPRs before the PTAB and assist in coordinating infringement proceedings in the USA, especially in cross-border cases. An inter partes review (IPR) is a procedure for challenging a US patent. The procedure is conducted by a Patent Trial and Appeal Board (PTAB) of the United States Patent and Trademark Office (USPTO). IPRs [\u2026]<\/p>","protected":false},"author":1,"featured_media":0,"parent":28,"menu_order":0,"comment_status":"closed","ping_status":"closed","template":"","meta":{"_seopress_robots_primary_cat":"","_seopress_titles_title":"Effiziente IPR-Verfahrensf\u00fchrung f\u00fcr EU-Unternehmen","_seopress_titles_desc":"Spezialisiert auf IPR-Verfahren in den USA. Wir bieten europ. Unternehmen ma\u00dfgeschneiderte L\u00f6sungen und effektive Vertretung in Verletzungsverfahren.","_seopress_robots_index":"","footnotes":""},"class_list":["post-579","page","type-page","status-publish","hentry"],"_links":{"self":[{"href":"https:\/\/tautz-law.com\/en_us\/wp-json\/wp\/v2\/pages\/579","targetHints":{"allow":["GET"]}}],"collection":[{"href":"https:\/\/tautz-law.com\/en_us\/wp-json\/wp\/v2\/pages"}],"about":[{"href":"https:\/\/tautz-law.com\/en_us\/wp-json\/wp\/v2\/types\/page"}],"author":[{"embeddable":true,"href":"https:\/\/tautz-law.com\/en_us\/wp-json\/wp\/v2\/users\/1"}],"replies":[{"embeddable":true,"href":"https:\/\/tautz-law.com\/en_us\/wp-json\/wp\/v2\/comments?post=579"}],"version-history":[{"count":56,"href":"https:\/\/tautz-law.com\/en_us\/wp-json\/wp\/v2\/pages\/579\/revisions"}],"predecessor-version":[{"id":1346,"href":"https:\/\/tautz-law.com\/en_us\/wp-json\/wp\/v2\/pages\/579\/revisions\/1346"}],"up":[{"embeddable":true,"href":"https:\/\/tautz-law.com\/en_us\/wp-json\/wp\/v2\/pages\/28"}],"wp:attachment":[{"href":"https:\/\/tautz-law.com\/en_us\/wp-json\/wp\/v2\/media?parent=579"}],"curies":[{"name":"wp","href":"https:\/\/api.w.org\/{rel}","templated":true}]}}